
{"id":3,"date":"2025-09-17T10:54:29","date_gmt":"2025-09-17T10:54:29","guid":{"rendered":"http:\/\/zlobek.gminapiatnica.pl\/?page_id=3"},"modified":"2025-10-02T07:44:48","modified_gmt":"2025-10-02T07:44:48","slug":"privacy-policy","status":"publish","type":"page","link":"https:\/\/zlobek.gminapiatnica.pl\/index.php\/privacy-policy\/","title":{"rendered":"Polityka Prywatno\u015bci"},"content":{"rendered":"\n<h2 class=\"wp-block-heading\">Prosimy o\u00a0zapoznanie si\u0119 z\u00a0Polityk\u0105 prywatno\u015bci witryn wydawanych przez\u00a0\u017b\u0142obek.<\/h2>\n\n\n\n<p>Data ustalenia pierwotnego tekstu: 1 pa\u017adziernik 2025 r.<\/p>\n\n\n\n<p>Data ostatnio wprowadzonych zmian: 2 pa\u017adziernik 2025 r.<\/p>\n\n\n\n<h3 class=\"wp-block-heading\">I. Wprowadzenie<\/h3>\n\n\n\n<ol class=\"wp-block-list\">\n<li>Szanuj\u0105c prywatno\u015b\u0107 u\u017cytkownik\u00f3w odwiedzaj\u0105cych wydawane przez nas witryny, \u017b\u0142obek Pi\u0105tu\u015b stosuje niniejsz\u0105 Polityk\u0119 prywatno\u015bci, aby zapewni\u0107 nale\u017cyt\u0105 ochron\u0119 danych osobowych u\u017cytkownik\u00f3w.<\/li>\n\n\n\n<li>Niniejsza Polityka prywatno\u015bci dotyczy danych osobowych, kt\u00f3re mog\u0105 by\u0107 przez nas przetwarzane do cel\u00f3w zwi\u0105zanych z\u00a0funkcjonowaniem witryn \u017b\u0142obka.<\/li>\n<\/ol>\n\n\n\n<h3 class=\"wp-block-heading\">II. Zbieranie danych<\/h3>\n\n\n\n<ol class=\"wp-block-list\">\n<li>Podczas wizyt na stronach naszych witryn internetowych zbierane s\u0105 dane o\u00a0odwiedzaj\u0105cych, w\u00a0tym:\n<ul class=\"wp-block-list\">\n<li>dane gromadzone automatycznie i\u00a0zapisywane w\u00a0dziennikach serwera,<\/li>\n\n\n\n<li>imienne dane osobowe podawane przez u\u017cytkownik\u00f3w i\u00a0zapisywane w\u00a0bazach danych.<\/li>\n<\/ul>\n<\/li>\n\n\n\n<li>Dane gromadzone automatycznie i\u00a0zapisywane w\u00a0dziennikach serwera (tzw. logach), zawieraj\u0105 szereg informacji o\u00a0u\u017cytkownikach odwiedzaj\u0105cych nasze witryny. Znane nam s\u0105:\n<ul class=\"wp-block-list\">\n<li>zapytania HTTPS kierowane do naszego serwera,<\/li>\n\n\n\n<li>publiczne adresy IP, z\u00a0kt\u00f3rych u\u017cytkownicy przegl\u0105daj\u0105 nasze zasoby,<\/li>\n\n\n\n<li>adresy URL zasob\u00f3w przegl\u0105danych w\u00a0naszych witrynach,<\/li>\n\n\n\n<li>czasy nadej\u015bcia zapytania i\u00a0wys\u0142ania odpowiedzi,<\/li>\n\n\n\n<li>nazwy stacji klienta zidentyfikowane przez protok\u00f3\u0142 HTTPS,<\/li>\n\n\n\n<li>informacje o\u00a0u\u017cytej przez u\u017cytkownika przegl\u0105darce,<\/li>\n\n\n\n<li>adres www strony poprzednio odwiedzanej w\u00a0przypadku, gdy przej\u015bcie do stron na witrynach Muzeum nast\u0105pi\u0142o z\u00a0innej witryny poprzez odno\u015bnik,<\/li>\n\n\n\n<li>informacje o\u00a0b\u0142\u0119dach, jakie nast\u0105pi\u0142y podczas transakcji HTTPS.<\/li>\n<\/ul>\n<\/li>\n\n\n\n<li>Imienne dane osobowe powierzane s\u0105 nam przez u\u017cytkownik\u00f3w \u015bwiadomie w\u00a0trakcie korzystania z\u00a0formularzy kontaktowych oraz \u2013 je\u015bli zdecydujemy o\u00a0uruchomieniu takich mo\u017cliwo\u015bci \u2013 w\u00a0trakcie rejestracji i\u00a0logowania do serwis\u00f3w. Mog\u0105 one obejmowa\u0107:\n<ul class=\"wp-block-list\">\n<li>dane rejestracyjne: nazwa w\u0142asna (imi\u0119 i\u00a0nazwisko), unikalny identyfikator u\u017cytkownika (login), adres poczty elektronicznej (e-mail),<\/li>\n\n\n\n<li>dane adresowe i\u00a0kontaktowe: w\u00a0przypadku os\u00f3b sk\u0142adaj\u0105cych zapytania, zg\u0142oszenia na organizowane przez nas wydarzenia, itp.<\/li>\n<\/ul>\n<\/li>\n<\/ol>\n\n\n\n<h3 class=\"wp-block-heading\">III. Wykorzystanie danych gromadzonych automatycznie<\/h3>\n\n\n\n<ol class=\"wp-block-list\">\n<li>\u017b\u0142obek\u00a0zapewnia, \u017ce dane gromadzone automatycznie w\u00a0dziennikach serwera z\u00a0zasady:\n<ul class=\"wp-block-list\">\n<li>nie s\u0105 kojarzone z\u00a0konkretnymi osobami przegl\u0105daj\u0105cymi nasze witryny,<\/li>\n\n\n\n<li>nie s\u0105 ujawniane nikomu poza osobami upowa\u017cnionymi do administrowania serwerem oraz g\u0142\u00f3wnymi administratorami witryn.<\/li>\n<\/ul>\n<\/li>\n\n\n\n<li>Administrator serwera i\u00a0administratorzy serwis\u00f3w mog\u0105 zmierza\u0107 do zidentyfikowania konkretnej osoby na podstawie informacji zarejestrowanych w\u00a0logach serwera tylko w\u00a0przypadku pr\u00f3b naruszenia integralno\u015bci systemu plik\u00f3w przez osoby nieuprawnione.<\/li>\n\n\n\n<li>Na podstawie plik\u00f3w dziennik\u00f3w mog\u0105 by\u0107 generowane statystyki wspomagaj\u0105ce administrowanie witrynami. Statystyki te nie zawieraj\u0105 \u017cadnych cech identyfikuj\u0105cych osoby odwiedzaj\u0105ce witryny.<\/li>\n<\/ol>\n\n\n\n<h3 class=\"wp-block-heading\">IV. Wykorzystanie imiennych danych osobowych<\/h3>\n\n\n\n<ol class=\"wp-block-list\">\n<li>Imienne dane osobowe przetwarzamy tylko i\u00a0wy\u0142\u0105cznie zgodnie z\u00a0celami, w\u00a0jakich zosta\u0142y one powierzone\u00a0Szkole Podstawowej, w\u00a0szczeg\u00f3lno\u015bci:\n<ul class=\"wp-block-list\">\n<li>dane podawane podczas rejestracji: u\u017cywane s\u0105 do potwierdzenia uprawnie\u0144 zalogowanych u\u017cytkownik\u00f3w do przegl\u0105dania zawarto\u015bci i\u00a0wykonywania operacji, do kt\u00f3rych zostali upowa\u017cnieni, oraz komunikacji z\u00a0u\u017cytkownikami w\u00a0sprawach zwi\u0105zanych z\u00a0zawarto\u015bci\u0105 witryny,<\/li>\n\n\n\n<li>dane podawane przy zg\u0142aszaniu udzia\u0142u w\u00a0wydarzeniu: u\u017cywane s\u0105 tylko do dzia\u0142a\u0144 zwi\u0105zanych z\u00a0organizacj\u0105 wydarzenia (ubezpieczenie uczestnik\u00f3w, sporz\u0105dzenie listy uczestnik\u00f3w dla potrzeb recepcji, komunikowanie si\u0119 z\u00a0u\u017cytkownikiem w\u00a0sprawach dotycz\u0105cych wydarzenia),<\/li>\n\n\n\n<li>dane podawane przy zam\u00f3wieniu biuletynu informacyjnego\u00a0(newslettera): u\u017cywane s\u0105 tylko do rozsy\u0142ania zam\u00f3wionych biuletyn\u00f3w informacyjnych.<\/li>\n<\/ul>\n<\/li>\n\n\n\n<li>\u017b\u0142obek\u00a0dok\u0142ada wszelkich stara\u0144, aby powierzone nam imienne dane nie dosta\u0142y si\u0119 do r\u0105k trzecich, chyba \u017ce:\n<ul class=\"wp-block-list\">\n<li>Polityka prywatno\u015bci stanowi inaczej w\u00a0dalszej cz\u0119\u015bci tego dokumentu;<\/li>\n\n\n\n<li>otrzymamy zgod\u0119 u\u017cytkownika na udost\u0119pnienie jego danych;<\/li>\n\n\n\n<li>zostanie z\u0142amane prawo i\u00a0b\u0119dzie toczy\u0107 si\u0119 zwi\u0105zane z\u00a0tym post\u0119powanie;<\/li>\n\n\n\n<li>wszystkie lub kt\u00f3rakolwiek z\u00a0witryn zostan\u0105 wykupione przez stron\u0119 trzeci\u0105 z\u00a0zastrze\u017ceniem, \u017ce strona trzecia b\u0119dzie u\u017cywa\u0142a Danych zgodnie z\u00a0nasz\u0105 Polityk\u0105 prywatno\u015bci, kt\u00f3ra jest umow\u0105 mi\u0119dzy nami a\u00a0rejestruj\u0105cymi si\u0119 u\u017cytkownikami i\u00a0w\u00a0zwi\u0105zku z\u00a0tym stanowi zobowi\u0105zanie prawne.<\/li>\n<\/ul>\n<\/li>\n<\/ol>\n\n\n\n<h3 class=\"wp-block-heading\">V. Edycja i&nbsp;usuwanie danych osobowych<\/h3>\n\n\n\n<ol class=\"wp-block-list\">\n<li>Ka\u017cdy u\u017cytkownik ma mo\u017cliwo\u015b\u0107 podgl\u0105du powierzonych nam w\u00a0procesach rejestracji danych osobowych oraz mo\u017cliwo\u015b\u0107 ich poprawiania. Mo\u017ce tego dokona\u0107 za pomoc\u0105 swojego panelu kontrolnego u\u017cytkownika.<\/li>\n\n\n\n<li>Ka\u017cdy u\u017cytkownik ma r\u00f3wnie\u017c prawo \u017c\u0105da\u0107 usuni\u0119cia jego danych osobowych z\u00a0naszych baz danych. \u017b\u0105danie nale\u017cy skierowa\u0107 za pomoc\u0105 umieszczonego na stronie formularza kontaktowego lub poczt\u0105 elektroniczn\u0105 na adres\u00a0<a href=\"mailto:informatyk@cus.gminapiatnica.pl\">informatyk@cus.gminapiatnica.pl<\/a>, podaj\u0105c informacj\u0119, kt\u00f3rego konta dotyczy \u017c\u0105danie (nazwa witryny, na kt\u00f3rej dokonano rejestracji, nazwa konta.<\/li>\n\n\n\n<li>W przypadku, gdy u\u017cytkownik \u017c\u0105da usuni\u0119cia swoich danych osobowych, administrator dokonuje tzw. anonimizacji konta, czyli usuni\u0119cia z\u00a0bazy danych informacji przypisanych do konta (imi\u0119, nazwisko, adres e-mail). Operacja ta nie dotyczy informacji powi\u0105zanych \u2013 nie powoduje np. zmiany oznaczenia autorstwa opublikowanych artyku\u0142\u00f3w czy innych wypowiedzi (np. komentarzy).<\/li>\n\n\n\n<li>Publikacje lub inne dane udost\u0119pniane przez u\u017cytkownika, kt\u00f3re nie s\u0105 przechowywane w\u00a0ramach profilu u\u017cytkownika, takie jak artyku\u0142y, komentarze, itp. pozostan\u0105 na naszych witrynach, nawet po usuni\u0119ciu konta zgodnie z\u00a0Warunkami korzystania z\u00a0witryn Szko\u0142y Podstawowej.<\/li>\n<\/ol>\n\n\n\n<h3 class=\"wp-block-heading\">VI. Zawiadomienia<\/h3>\n\n\n\n<ol class=\"wp-block-list\">\n<li>Na podany przez u\u017cytkownika podczas rejestracji adres poczty elektronicznej wysy\u0142amy generowane automatycznie zawiadomienia o\u00a0niekt\u00f3rych dzia\u0142aniach u\u017cytkownika.<\/li>\n\n\n\n<li>G\u0142\u00f3wny administrator mo\u017ce przesy\u0142a\u0107 na podany przez u\u017cytkownika adres poczty elektronicznej komunikaty o\u00a0wa\u017cnych wydarzeniach na witrynie, zmianach w\u00a0Warunkach korzystania i\u00a0Polityce prywatno\u015bci, planowanych wy\u0142\u0105czeniach witryny w\u00a0celach konserwacyjnych, itp.<\/li>\n<\/ol>\n\n\n\n<h3 class=\"wp-block-heading\">VII. Ciasteczka [Cookies]<\/h3>\n\n\n\n<ol class=\"wp-block-list\">\n<li>Kiedy u\u017cytkownik wchodzi na strony naszych witryn, na dysku jego komputera mog\u0105 by\u0107 zapisywane tzw. ciasteczka (ang. cookies), czyli niewielkie pliki tekstowe wysy\u0142ane przez nasz serwer albo serwisy, do kt\u00f3rych odwo\u0142ujemy si\u0119 w\u00a0naszych witrynach, np. pokazuj\u0105c multimedia.<\/li>\n\n\n\n<li>Ciasteczka i\u00a0podobne technologie u\u017cywane s\u0105 w\u00a0witrynach internetowych przede wszystkim ze wzgl\u0119du na wygod\u0119 u\u017cytkownik\u00f3w, m.in. po to, by jak najlepiej dostosowa\u0107 tre\u015bci i\u00a0funkcje witryny do ich potrzeb i\u00a0oczekiwa\u0144, a\u00a0tak\u017ce w\u00a0celach statystycznych.<\/li>\n\n\n\n<li>Pliki ciasteczek wysy\u0142amy wyj\u0105tkowo. S\u0142u\u017c\u0105 one tworzeniu statystyk, kt\u00f3re pomagaj\u0105 dostosowa\u0107 zawarto\u015b\u0107 stron do oczekiwa\u0144 u\u017cytkownik\u00f3w, zapami\u0119taniu preferowanego wygl\u0105du stron, np. ustawionego rozmiaru czcionki, odnotowaniu faktu g\u0142osowania w\u00a0prowadzonych ankietach albo wykonaniu przez u\u017cytkownika kilkuetapowych czynno\u015bci (np. dodania artyku\u0142u, dokonania zakupu w\u00a0naszym sklepie internetowym).<\/li>\n\n\n\n<li>Opr\u00f3cz ciasteczek wysy\u0142anych z\u00a0naszego serwera za po\u015brednictwem naszych witryn, pliki ciasteczek mog\u0105 by\u0107 wysy\u0142ane tak\u017ce z\u00a0serwer\u00f3w stron, do kt\u00f3rych si\u0119 odwo\u0142ujemy, np. YouTube czy serwis\u00f3w spo\u0142eczno\u015bciowych.<\/li>\n\n\n\n<li>Pliki ciasteczek nie gromadz\u0105 \u017cadnych danych osobowych, w\u00a0tym nazwisk i\u00a0adres\u00f3w e-mail.<\/li>\n\n\n\n<li>Informacji zapisywanych w\u00a0plikach ciasteczek nigdzie nie gromadzimy i\u00a0w\u00a0\u017caden spos\u00f3b nie przetwarzamy.<\/li>\n\n\n\n<li>Ka\u017cdy u\u017cytkownik mo\u017ce zmieni\u0107 ustawienia dotycz\u0105ce ciasteczek w\u00a0u\u017cywanej przez siebie przegl\u0105darce, w\u00a0tym zupe\u0142nie wy\u0142\u0105czy\u0107 mo\u017cliwo\u015b\u0107 ich zapisywania.<\/li>\n\n\n\n<li>Je\u015bli u\u017cytkownik nie wy\u0142\u0105czy mo\u017cliwo\u015bci zapisywania ciasteczek pochodz\u0105cych z\u00a0naszych witryn, oznacza to jego zgod\u0119 na ich zapisywanie i\u00a0przechowywanie w\u00a0jego komputerze.<\/li>\n\n\n\n<li>Je\u017celi u\u017cytkownik zdecyduje si\u0119 na odrzucenie wszystkich ciasteczek, nie b\u0119dzie mo\u017cliwe korzystanie z\u00a0niekt\u00f3rych tre\u015bci i\u00a0us\u0142ug udost\u0119pnianych w\u00a0naszych witrynach, w\u00a0szczeg\u00f3lno\u015bci wymagaj\u0105cych logowania. Wy\u0142\u0105czenie ciasteczek nie powoduje natomiast braku mo\u017cliwo\u015bci przegl\u0105dania stron w\u00a0naszych witrynach.<\/li>\n<\/ol>\n\n\n\n<h3 class=\"wp-block-heading\">VIII. Zmiany w&nbsp;Polityce prywatno\u015bci<\/h3>\n\n\n\n<ol class=\"wp-block-list\">\n<li>Data ostatnio dokonanych zmian uwidoczniona jest na pocz\u0105tku niniejszej Polityki prywatno\u015bci.<\/li>\n\n\n\n<li>O zmianach dokonanych w\u00a0Polityce prywatno\u015bci u\u017cytkownicy witryn b\u0119d\u0105 informowani w\u00a0powiadomieniach przesy\u0142anych na adres e-mail powi\u0105zany z\u00a0kontem u\u017cytkownika.<\/li>\n<\/ol>\n\n\n\n<h3 class=\"wp-block-heading\">IX. Zastrze\u017cenia<\/h3>\n\n\n\n<ol class=\"wp-block-list\">\n<li>W Internecie nie mo\u017cna zagwarantowa\u0107, \u017ce ka\u017cda transmisja danych jest ca\u0142kowicie bezpieczna. Dlatego te\u017c, mimo dok\u0142adania wszelkich stara\u0144 w\u00a0celu zapewnienia ochrony danych osobowych, nie mo\u017cemy zapewni\u0107 lub zagwarantowa\u0107 bezpiecze\u0144stwa informacji przekazywanych do i\u00a0z\u00a0naszych witryn. Mog\u0105 pojawi\u0107 si\u0119 czynniki poza nasz\u0105 kontrol\u0105, kt\u00f3re spowoduj\u0105 udost\u0119pnienie danych. W\u00a0zwi\u0105zku z\u00a0tym zalecamy u\u017cytkownikom nieudost\u0119pnianie w\u00a0ramach swojego konta informacji, kt\u00f3re nie powinny zosta\u0107 ujawnione<\/li>\n\n\n\n<li>Publikowane przez\u00a0\u017b\u0142obek w Pi\u0105tnicy\u00a0witryny zawieraj\u0105 odno\u015bniki do innych stron WWW.\u00a0\u017b\u0142obek\u00a0nie ponosi \u017cadnej odpowiedzialno\u015bci za zasady zachowania prywatno\u015bci obowi\u0105zuj\u0105ce na tych stronach. Niniejsza polityka prywatno\u015bci dotyczy tylko i\u00a0wy\u0142\u0105cznie wyszczeg\u00f3lnionych we wprowadzeniu witryn\u00a0Szko\u0142y Podstawowej.\u00a0Namawiamy, by po przej\u015bciu z\u00a0naszych witryn na inne strony, zapozna\u0107 si\u0119 z\u00a0ustalon\u0105 tam polityk\u0105 prywatno\u015bci.<\/li>\n<\/ol>\n\n\n\n<h3 class=\"wp-block-heading\">X. Kontakt z&nbsp;Administratorem Danych Osobowych<\/h3>\n\n\n\n<p>Inspektorem Ochrony Danych (IOD) jest \u0141ukasz Mertin. Mo\u017cna si\u0119 z\u00a0nim kontaktowa\u0107 poprzez: e-mail na adres:\u00a0<a href=\"mailto:ochronadanych@gminapiatnica.pl\">ochronadanych@gminapiatnica.pl<\/a>\u00a0lub listownie: Urz\u0105d Gminy Pi\u0105tnica, ul. Stawiskowska 53, 18-421 Pi\u0105tnica Poduchowna.<\/p>\n\n\n\n<p>Administratorem danych osobowych przekazywanych przez u\u017cytkownik\u00f3w naszych witryn jest Urz\u0105d Gminy Pi\u0105tnica.<\/p>\n","protected":false},"excerpt":{"rendered":"<p>Prosimy o\u00a0zapoznanie si\u0119 z\u00a0Polityk\u0105 prywatno\u015bci witryn wydawanych przez\u00a0\u017b\u0142obek. Data ustalenia pierwotnego tekstu: 1 pa\u017adziernik 2025 r. Data ostatnio wprowadzonych zmian: 2 pa\u017adziernik 2025 r. I. Wprowadzenie II. Zbieranie danych III. Wykorzystanie danych gromadzonych automatycznie IV. Wykorzystanie imiennych danych osobowych V. Edycja i&nbsp;usuwanie danych osobowych VI. Zawiadomienia VII. Ciasteczka [Cookies] VIII. Zmiany w&nbsp;Polityce prywatno\u015bci IX. Zastrze\u017cenia [&hellip;]<\/p>\n","protected":false},"author":1,"featured_media":0,"parent":0,"menu_order":0,"comment_status":"closed","ping_status":"open","template":"","meta":{"footnotes":""},"class_list":["post-3","page","type-page","status-publish","hentry"],"_links":{"self":[{"href":"https:\/\/zlobek.gminapiatnica.pl\/index.php\/wp-json\/wp\/v2\/pages\/3","targetHints":{"allow":["GET"]}}],"collection":[{"href":"https:\/\/zlobek.gminapiatnica.pl\/index.php\/wp-json\/wp\/v2\/pages"}],"about":[{"href":"https:\/\/zlobek.gminapiatnica.pl\/index.php\/wp-json\/wp\/v2\/types\/page"}],"author":[{"embeddable":true,"href":"https:\/\/zlobek.gminapiatnica.pl\/index.php\/wp-json\/wp\/v2\/users\/1"}],"replies":[{"embeddable":true,"href":"https:\/\/zlobek.gminapiatnica.pl\/index.php\/wp-json\/wp\/v2\/comments?post=3"}],"version-history":[{"count":1,"href":"https:\/\/zlobek.gminapiatnica.pl\/index.php\/wp-json\/wp\/v2\/pages\/3\/revisions"}],"predecessor-version":[{"id":23,"href":"https:\/\/zlobek.gminapiatnica.pl\/index.php\/wp-json\/wp\/v2\/pages\/3\/revisions\/23"}],"wp:attachment":[{"href":"https:\/\/zlobek.gminapiatnica.pl\/index.php\/wp-json\/wp\/v2\/media?parent=3"}],"curies":[{"name":"wp","href":"https:\/\/api.w.org\/{rel}","templated":true}]}}